{"id":40,"date":"2023-08-29T12:21:09","date_gmt":"2023-08-29T10:21:09","guid":{"rendered":"https:\/\/tarotkatrina.nl\/?page_id=40"},"modified":"2025-03-29T21:12:33","modified_gmt":"2025-03-29T20:12:33","slug":"mijn-weg-naar-de-tarot","status":"publish","type":"page","link":"https:\/\/tarotkatrina.nl\/de\/mijn-weg-naar-de-tarot\/","title":{"rendered":"Mein Weg zum Tarot"},"content":{"rendered":"\n<p>Mein Weg zum Tarot begann 2005, als ich Kundin bei Tarotmeisterin Constanze Steinfeldt wurde. Schon damals faszinierten mich die eindrucksvollen Kartenbilder, und ich h\u00e4tte gerne mehr dar\u00fcber gewusst, aber in meinem Leben waren zun\u00e4chst einmal noch viele andere Dinge an der Reihe.<\/p>\n\n\n<div class=\"wp-block-image\">\n<figure class=\"alignright size-medium\"><img loading=\"lazy\" decoding=\"async\" width=\"245\" height=\"300\" src=\"https:\/\/tarotkatrina.nl\/wp-content\/uploads\/2023\/08\/Logo-245x300.png\" alt=\"\" class=\"wp-image-231\" srcset=\"https:\/\/tarotkatrina.nl\/wp-content\/uploads\/2023\/08\/Logo-245x300.png 245w, https:\/\/tarotkatrina.nl\/wp-content\/uploads\/2023\/08\/Logo-836x1024.png 836w, https:\/\/tarotkatrina.nl\/wp-content\/uploads\/2023\/08\/Logo-768x940.png 768w, https:\/\/tarotkatrina.nl\/wp-content\/uploads\/2023\/08\/Logo-1255x1536.png 1255w, https:\/\/tarotkatrina.nl\/wp-content\/uploads\/2023\/08\/Logo-1673x2048.png 1673w\" sizes=\"auto, (max-width: 245px) 100vw, 245px\" \/><\/figure>\n<\/div>\n\n\n<p>Wer wei\u00df, vielleicht h\u00e4tte ich niemals den n\u00e4chsten Schritt getan, wenn Constanze und ich nicht irgendwann Freundinnen geworden w\u00e4ren \u2013 so gute, dass wir Ende 2017 beschlossen, unsere Talente (sie Kartenlegerin, ich Schriftstellerin) zu b\u00fcndeln und gemeinsam ein Projekt zu starten. Was es werden sollte, war schnell klar: Ein Tarotlehrbuch in Romanform (\u201e<a href=\"https:\/\/tarotkatrina.nl\/de\/gute-karten-schlechte-karten-buch\/\" data-type=\"page\" data-id=\"189\">Gute Karten, schlechte Karten<\/a>\u201c, so der Titel, mehr dazu siehe unten). Und f\u00fcr mich stand fest: Ich w\u00fcrde ab sofort Tarot lernen. Gesagt, getan: Ich ging bei Constanze in die Lehre und es stellte sich heraus, dass Tarot absolut \u201emein Ding\u201c ist. Vielleicht nicht so erstaunlich, denn Tarot ist nichts anderes als eine Sprache in Bildern. Und mit Sprachen habe ich es schon immer gehabt.<\/p>\n\n\n\n<p>Seit \u00fcber sieben Jahren lege ich nun schon selbst Karten, inzwischen auch als professionelle Beraterin f\u00fcr Menschen au\u00dferhalb meines privaten Umfelds, die daf\u00fcr offen sind.<\/p>\n","protected":false},"excerpt":{"rendered":"<p>Mein Weg zum Tarot begann 2005, als ich Kundin bei Tarotmeisterin Constanze Steinfeldt wurde. Schon damals faszinierten mich die eindrucksvollen Kartenbilder, und ich h\u00e4tte gerne mehr dar\u00fcber gewusst, aber in meinem Leben waren zun\u00e4chst einmal noch viele andere Dinge an der Reihe. Wer wei\u00df, vielleicht h\u00e4tte ich niemals den n\u00e4chsten Schritt getan, wenn Constanze und &hellip; <\/p>\n<p class=\"link-more\"><a href=\"https:\/\/tarotkatrina.nl\/de\/mijn-weg-naar-de-tarot\/\" class=\"more-link\"><span class=\"screen-reader-text\">\u201eMein Weg zum Tarot\u201c <\/span>weiterlesen<\/a><\/p>\n","protected":false},"author":2,"featured_media":0,"parent":0,"menu_order":0,"comment_status":"closed","ping_status":"closed","template":"","meta":{"_monsterinsights_skip_tracking":false,"_monsterinsights_sitenote_active":false,"_monsterinsights_sitenote_note":"","_monsterinsights_sitenote_category":0,"footnotes":""},"class_list":["post-40","page","type-page","status-publish","hentry"],"translation":{"provider":"WPGlobus","version":"3.0.0","language":"de","enabled_languages":["nl","de"],"languages":{"nl":{"title":true,"content":true,"excerpt":false},"de":{"title":true,"content":true,"excerpt":false}}},"aioseo_notices":[],"_links":{"self":[{"href":"https:\/\/tarotkatrina.nl\/de\/wp-json\/wp\/v2\/pages\/40","targetHints":{"allow":["GET"]}}],"collection":[{"href":"https:\/\/tarotkatrina.nl\/de\/wp-json\/wp\/v2\/pages"}],"about":[{"href":"https:\/\/tarotkatrina.nl\/de\/wp-json\/wp\/v2\/types\/page"}],"author":[{"embeddable":true,"href":"https:\/\/tarotkatrina.nl\/de\/wp-json\/wp\/v2\/users\/2"}],"replies":[{"embeddable":true,"href":"https:\/\/tarotkatrina.nl\/de\/wp-json\/wp\/v2\/comments?post=40"}],"version-history":[{"count":2,"href":"https:\/\/tarotkatrina.nl\/de\/wp-json\/wp\/v2\/pages\/40\/revisions"}],"predecessor-version":[{"id":619,"href":"https:\/\/tarotkatrina.nl\/de\/wp-json\/wp\/v2\/pages\/40\/revisions\/619"}],"wp:attachment":[{"href":"https:\/\/tarotkatrina.nl\/de\/wp-json\/wp\/v2\/media?parent=40"}],"curies":[{"name":"wp","href":"https:\/\/api.w.org\/{rel}","templated":true}]}}