{"id":115,"date":"2023-08-30T19:01:11","date_gmt":"2023-08-30T17:01:11","guid":{"rendered":"https:\/\/tarotkatrina.nl\/?page_id=115"},"modified":"2025-03-26T12:48:46","modified_gmt":"2025-03-26T11:48:46","slug":"over-mij","status":"publish","type":"page","link":"https:\/\/tarotkatrina.nl\/de\/over-mij\/","title":{"rendered":"\u00dcber mich"},"content":{"rendered":"\n<p>Mein Name ist Katrin Bischof. Geboren wurde ich 1971 in Stade (Deutschland).<\/p>\n\n\n<div class=\"wp-block-image\">\n<figure class=\"alignright size-medium\"><img loading=\"lazy\" decoding=\"async\" width=\"300\" height=\"225\" src=\"https:\/\/tarotkatrina.nl\/wp-content\/uploads\/2025\/02\/1180556_neu-1-300x225.jpg\" alt=\"\" class=\"wp-image-561\" srcset=\"https:\/\/tarotkatrina.nl\/wp-content\/uploads\/2025\/02\/1180556_neu-1-300x225.jpg 300w, https:\/\/tarotkatrina.nl\/wp-content\/uploads\/2025\/02\/1180556_neu-1-1024x770.jpg 1024w, https:\/\/tarotkatrina.nl\/wp-content\/uploads\/2025\/02\/1180556_neu-1-768x577.jpg 768w, https:\/\/tarotkatrina.nl\/wp-content\/uploads\/2025\/02\/1180556_neu-1-1536x1155.jpg 1536w, https:\/\/tarotkatrina.nl\/wp-content\/uploads\/2025\/02\/1180556_neu-1-2048x1539.jpg 2048w\" sizes=\"auto, (max-width: 300px) 100vw, 300px\" \/><\/figure>\n<\/div>\n\n\n<p>Nach meinem zweiten Studium (Diplom-\u00dcbersetzerin Technik Englisch, Franz\u00f6sisch und Niederl\u00e4ndisch) habe ich mich 2008 als \u00dcbersetzerin selbst\u00e4ndig gemacht, damals noch in Deutschland. <\/p>\n\n\n\n<p>2011 sind meine Tochter und ich in die Niederlande umgezogen. Seit 2013 wohne ich in Ter Apel in der Provinz Groningen gleich bei der deutschen Grenze. Dort f\u00fchlen wir uns ganz und gar zu Hause. <\/p>\n\n\n\n<p>Zwischen 2014 und 2017 habe ich zwei Romane und zwei Erz\u00e4hlungsb\u00e4nde ver\u00f6ffentlicht, 2020 dann das Tarotlehrbuch in Romanform \u201eGute Karten, schlechte Karten\u201c in Zusammenarbeit mit Constanze Steinfeldt. <\/p>\n\n\n\n<p>Seit 2017 besch\u00e4ftige ich mich intensiv mit Tarot.<\/p>\n\n\n\n<p>Ich liebe Tiere, Tanzen, Natur und mein Gastland, die Niederlande.<\/p>\n\n\n\n<p><\/p>\n","protected":false},"excerpt":{"rendered":"<p>Mein Name ist Katrin Bischof. Geboren wurde ich 1971 in Stade (Deutschland). Nach meinem zweiten Studium (Diplom-\u00dcbersetzerin Technik Englisch, Franz\u00f6sisch und Niederl\u00e4ndisch) habe ich mich 2008 als \u00dcbersetzerin selbst\u00e4ndig gemacht, damals noch in Deutschland. 2011 sind meine Tochter und ich in die Niederlande umgezogen. Seit 2013 wohne ich in Ter Apel in der Provinz Groningen &hellip; <\/p>\n<p class=\"link-more\"><a href=\"https:\/\/tarotkatrina.nl\/de\/over-mij\/\" class=\"more-link\"><span class=\"screen-reader-text\">\u201e\u00dcber mich\u201c <\/span>weiterlesen<\/a><\/p>\n","protected":false},"author":2,"featured_media":0,"parent":0,"menu_order":0,"comment_status":"closed","ping_status":"closed","template":"","meta":{"_monsterinsights_skip_tracking":false,"_monsterinsights_sitenote_active":false,"_monsterinsights_sitenote_note":"","_monsterinsights_sitenote_category":0,"footnotes":""},"class_list":["post-115","page","type-page","status-publish","hentry"],"translation":{"provider":"WPGlobus","version":"3.0.0","language":"de","enabled_languages":["nl","de"],"languages":{"nl":{"title":true,"content":true,"excerpt":false},"de":{"title":true,"content":true,"excerpt":false}}},"aioseo_notices":[],"_links":{"self":[{"href":"https:\/\/tarotkatrina.nl\/de\/wp-json\/wp\/v2\/pages\/115","targetHints":{"allow":["GET"]}}],"collection":[{"href":"https:\/\/tarotkatrina.nl\/de\/wp-json\/wp\/v2\/pages"}],"about":[{"href":"https:\/\/tarotkatrina.nl\/de\/wp-json\/wp\/v2\/types\/page"}],"author":[{"embeddable":true,"href":"https:\/\/tarotkatrina.nl\/de\/wp-json\/wp\/v2\/users\/2"}],"replies":[{"embeddable":true,"href":"https:\/\/tarotkatrina.nl\/de\/wp-json\/wp\/v2\/comments?post=115"}],"version-history":[{"count":8,"href":"https:\/\/tarotkatrina.nl\/de\/wp-json\/wp\/v2\/pages\/115\/revisions"}],"predecessor-version":[{"id":615,"href":"https:\/\/tarotkatrina.nl\/de\/wp-json\/wp\/v2\/pages\/115\/revisions\/615"}],"wp:attachment":[{"href":"https:\/\/tarotkatrina.nl\/de\/wp-json\/wp\/v2\/media?parent=115"}],"curies":[{"name":"wp","href":"https:\/\/api.w.org\/{rel}","templated":true}]}}